{"id":5,"date":"2022-11-03T16:56:12","date_gmt":"2022-11-03T16:56:12","guid":{"rendered":"http:\/\/karolus.info-brihaye.lu\/?page_id=5"},"modified":"2023-01-01T12:54:35","modified_gmt":"2023-01-01T12:54:35","slug":"acceuil","status":"publish","type":"page","link":"http:\/\/karolus.info-brihaye.lu\/nl\/acceuil\/","title":{"rendered":"Home"},"content":{"rendered":"<p class=\"has-text-align-center\"><strong>Karolus is de Franse tak van G\u00e9niwal<\/strong><\/p>\n\n\n\n<p class=\"has-text-align-center\">Lid van de Franse Federatie van Genealogie<br>College D: Specifieke genealogische kringen<br><\/p>\n\n\n\n<p><\/p>\n\n\n\n<p>Het doel van deze vereniging is : Het samenstellen, beheren en ter beschikking stellen aan haar leden en het publiek van documentatie over familiegeschiedenis en de informatiebronnen ervan, zowel in Frankrijk als in Europa en de wereld, een zo volledig mogelijke documentatie over genealogische en historische studies, onderzoek over de geschiedenis van families en plaatsen, de wetenschappen van de geschiedenis, heraldiek, sigillografie, onomastiek en alle andere activiteiten die de ontwikkeling van genealogisch onderzoek kunnen helpen; dit alles om bij te dragen aan de deelname van de bewaring en bescherming van het erfgoed van de archieven.<\/p>\n\n\n\n<p>Deze documentatie wordt met alle passende middelen beschikbaar gesteld, met name door de oprichting van een nationaal en internationaal documentatiecentrum en door telematicamiddelen, met name internet.<\/p>\n\n\n\n<p>De vereniging verbindt zich ertoe de vrijheid van geweten te eerbiedigen en onthoudt zich van elke vorm van discriminatie. Zij zal zich in alle opzichten houden aan de geldende Algemene Verordening Gegevensbescherming.<\/p>","protected":false},"excerpt":{"rendered":"<p>Karolus is de Franse tak van G\u00e9niwal Lid van de F\u00e9d\u00e9ration Fran\u00e7aise de g\u00e9n\u00e9alogieColl\u00e8ge D: Cercles g\u00e9n\u00e9alogiques sp\u00e9cifiques Het doel van deze vereniging is: het verzamelen, beheren en beschikbaar stellen aan haar leden en het publiek van documentatie over familiegeschiedenis en haar informatiebronnen, in Frankrijk, Europa en de rest van de wereld.<\/p>","protected":false},"author":1,"featured_media":922,"parent":0,"menu_order":0,"comment_status":"closed","ping_status":"closed","template":"","meta":{"_et_pb_use_builder":"","_et_pb_old_content":"","_et_gb_content_width":"","footnotes":""},"class_list":["post-5","page","type-page","status-publish","has-post-thumbnail","hentry"],"_links":{"self":[{"href":"http:\/\/karolus.info-brihaye.lu\/nl\/wp-json\/wp\/v2\/pages\/5","targetHints":{"allow":["GET"]}}],"collection":[{"href":"http:\/\/karolus.info-brihaye.lu\/nl\/wp-json\/wp\/v2\/pages"}],"about":[{"href":"http:\/\/karolus.info-brihaye.lu\/nl\/wp-json\/wp\/v2\/types\/page"}],"author":[{"embeddable":true,"href":"http:\/\/karolus.info-brihaye.lu\/nl\/wp-json\/wp\/v2\/users\/1"}],"replies":[{"embeddable":true,"href":"http:\/\/karolus.info-brihaye.lu\/nl\/wp-json\/wp\/v2\/comments?post=5"}],"version-history":[{"count":23,"href":"http:\/\/karolus.info-brihaye.lu\/nl\/wp-json\/wp\/v2\/pages\/5\/revisions"}],"predecessor-version":[{"id":380,"href":"http:\/\/karolus.info-brihaye.lu\/nl\/wp-json\/wp\/v2\/pages\/5\/revisions\/380"}],"wp:featuredmedia":[{"embeddable":true,"href":"http:\/\/karolus.info-brihaye.lu\/nl\/wp-json\/wp\/v2\/media\/922"}],"wp:attachment":[{"href":"http:\/\/karolus.info-brihaye.lu\/nl\/wp-json\/wp\/v2\/media?parent=5"}],"curies":[{"name":"wp","href":"https:\/\/api.w.org\/{rel}","templated":true}]}}