{"id":5,"date":"2022-11-03T16:56:12","date_gmt":"2022-11-03T16:56:12","guid":{"rendered":"http:\/\/karolus.info-brihaye.lu\/?page_id=5"},"modified":"2023-01-01T12:54:35","modified_gmt":"2023-01-01T12:54:35","slug":"acceuil","status":"publish","type":"page","link":"http:\/\/karolus.info-brihaye.lu\/it\/acceuil\/","title":{"rendered":"Casa"},"content":{"rendered":"<p class=\"has-text-align-center\"><strong>Karolus \u00e8 il ramo francese di G\u00e9niwal<\/strong><\/p>\n\n\n\n<p class=\"has-text-align-center\">Membro della Federazione Francese di Genealogia<br>Collegio D: Circoli genealogici specifici<br><\/p>\n\n\n\n<p><\/p>\n\n\n\n<p>Lo scopo di questa associazione \u00e8 : compilare, gestire e mettere a disposizione dei suoi membri e del pubblico la documentazione sulla storia della famiglia e le sue fonti di informazione, sia in Francia che in Europa e nel mondo, la documentazione pi\u00f9 completa possibile sugli studi genealogici e storici, le ricerche sulla storia delle famiglie e dei luoghi, le scienze della storia, l'araldica, la sigillografia, l'onomastica e tutte le altre attivit\u00e0 che possono aiutare lo sviluppo della ricerca genealogica; il tutto contribuendo alla partecipazione della salvaguardia e della protezione del patrimonio degli archivi.<\/p>\n\n\n\n<p>Questa documentazione sar\u00e0 resa disponibile con tutti i mezzi appropriati, in particolare con la creazione di un centro di documentazione nazionale e internazionale, e con mezzi telematici, in particolare Internet.<\/p>\n\n\n\n<p>L'associazione si impegna a rispettare la libert\u00e0 di coscienza e ad astenersi da qualsiasi discriminazione. Si atterr\u00e0 in tutto e per tutto al Regolamento generale sulla protezione dei dati in vigore.<\/p>","protected":false},"excerpt":{"rendered":"<p>Karolus \u00e8 la filiale francese di G\u00e9niwal Membro della F\u00e9d\u00e9ration Fran\u00e7aise de g\u00e9n\u00e9alogieColl\u00e8ge D: Cercles g\u00e9n\u00e9alogiques sp\u00e9cifiques Lo scopo di questa associazione \u00e8: compilare, gestire e mettere a disposizione dei suoi membri e del pubblico la documentazione sulla storia della famiglia e le sue fonti di informazione, in Francia, in Europa e nel resto del mondo.<\/p>","protected":false},"author":1,"featured_media":922,"parent":0,"menu_order":0,"comment_status":"closed","ping_status":"closed","template":"","meta":{"_et_pb_use_builder":"","_et_pb_old_content":"","_et_gb_content_width":"","footnotes":""},"class_list":["post-5","page","type-page","status-publish","has-post-thumbnail","hentry"],"_links":{"self":[{"href":"http:\/\/karolus.info-brihaye.lu\/it\/wp-json\/wp\/v2\/pages\/5","targetHints":{"allow":["GET"]}}],"collection":[{"href":"http:\/\/karolus.info-brihaye.lu\/it\/wp-json\/wp\/v2\/pages"}],"about":[{"href":"http:\/\/karolus.info-brihaye.lu\/it\/wp-json\/wp\/v2\/types\/page"}],"author":[{"embeddable":true,"href":"http:\/\/karolus.info-brihaye.lu\/it\/wp-json\/wp\/v2\/users\/1"}],"replies":[{"embeddable":true,"href":"http:\/\/karolus.info-brihaye.lu\/it\/wp-json\/wp\/v2\/comments?post=5"}],"version-history":[{"count":23,"href":"http:\/\/karolus.info-brihaye.lu\/it\/wp-json\/wp\/v2\/pages\/5\/revisions"}],"predecessor-version":[{"id":380,"href":"http:\/\/karolus.info-brihaye.lu\/it\/wp-json\/wp\/v2\/pages\/5\/revisions\/380"}],"wp:featuredmedia":[{"embeddable":true,"href":"http:\/\/karolus.info-brihaye.lu\/it\/wp-json\/wp\/v2\/media\/922"}],"wp:attachment":[{"href":"http:\/\/karolus.info-brihaye.lu\/it\/wp-json\/wp\/v2\/media?parent=5"}],"curies":[{"name":"wp","href":"https:\/\/api.w.org\/{rel}","templated":true}]}}