{"id":5,"date":"2022-11-03T16:56:12","date_gmt":"2022-11-03T16:56:12","guid":{"rendered":"http:\/\/karolus.info-brihaye.lu\/?page_id=5"},"modified":"2023-01-01T12:54:35","modified_gmt":"2023-01-01T12:54:35","slug":"acceuil","status":"publish","type":"page","link":"http:\/\/karolus.info-brihaye.lu\/es\/acceuil\/","title":{"rendered":"Inicio"},"content":{"rendered":"<p class=\"has-text-align-center\"><strong>Karolus est l&rsquo;antenne fran\u00e7aise de G\u00e9niwal<\/strong><\/p>\n\n\n\n<p class=\"has-text-align-center\">Miembro de la Federaci\u00f3n Francesa de Genealog\u00eda<br>Colegio D: C\u00edrculos geneal\u00f3gicos espec\u00edficos<br><\/p>\n\n\n\n<p><\/p>\n\n\n\n<p>Cette association a pour but : de constituer, g\u00e9rer et mettre \u00e0 la disposition de ses membres et du public une documentation sur l&rsquo;histoire des familles et ses sources d&rsquo;information, aussi bien en France qu&rsquo;en Europe et dans le monde, documentation la plus compl\u00e8te possible sur les \u00e9tudes g\u00e9n\u00e9alogiques et historiques, les recherches sur l&rsquo;histoire des familles et des lieux, les sciences de l&rsquo;histoire, l&rsquo;h\u00e9raldique, la sigillographie, l&rsquo;onomastique et toutes autres activit\u00e9s susceptibles d&rsquo;aider au d\u00e9veloppement de la recherche g\u00e9n\u00e9alogique ; le tout contribuant \u00e0 la participation de la sauvegarde et \u00e0 la protection du patrimoine des archives.<\/p>\n\n\n\n<p>La mise \u00e0 disposition de cette documentation se fera par tous moyens appropri\u00e9s et notamment par la constitution d&rsquo;un centre de documentation national et international, et par les moyens de la t\u00e9l\u00e9matique et notamment de l&rsquo;Internet.<\/p>\n\n\n\n<p>La asociaci\u00f3n se compromete a respetar la libertad de conciencia y se abstiene de toda discriminaci\u00f3n. Cumplir\u00e1 en todos los aspectos el Reglamento General de Protecci\u00f3n de Datos en vigor.<\/p>","protected":false},"excerpt":{"rendered":"<p>Karolus est l&rsquo;antenne fran\u00e7aise de G\u00e9niwal Membre de la F\u00e9d\u00e9ration Fran\u00e7aise de g\u00e9n\u00e9alogieColl\u00e8ge D\u00a0: Cercles g\u00e9n\u00e9alogiques sp\u00e9cifiques Cette association a pour but : de constituer, g\u00e9rer et mettre \u00e0 la disposition de ses membres et du public une documentation sur l&rsquo;histoire des familles et ses sources d&rsquo;information, aussi bien en France qu&rsquo;en Europe et dans [&hellip;]<\/p>","protected":false},"author":1,"featured_media":922,"parent":0,"menu_order":0,"comment_status":"closed","ping_status":"closed","template":"","meta":{"_et_pb_use_builder":"","_et_pb_old_content":"","_et_gb_content_width":"","footnotes":""},"class_list":["post-5","page","type-page","status-publish","has-post-thumbnail","hentry"],"_links":{"self":[{"href":"http:\/\/karolus.info-brihaye.lu\/es\/wp-json\/wp\/v2\/pages\/5","targetHints":{"allow":["GET"]}}],"collection":[{"href":"http:\/\/karolus.info-brihaye.lu\/es\/wp-json\/wp\/v2\/pages"}],"about":[{"href":"http:\/\/karolus.info-brihaye.lu\/es\/wp-json\/wp\/v2\/types\/page"}],"author":[{"embeddable":true,"href":"http:\/\/karolus.info-brihaye.lu\/es\/wp-json\/wp\/v2\/users\/1"}],"replies":[{"embeddable":true,"href":"http:\/\/karolus.info-brihaye.lu\/es\/wp-json\/wp\/v2\/comments?post=5"}],"version-history":[{"count":23,"href":"http:\/\/karolus.info-brihaye.lu\/es\/wp-json\/wp\/v2\/pages\/5\/revisions"}],"predecessor-version":[{"id":380,"href":"http:\/\/karolus.info-brihaye.lu\/es\/wp-json\/wp\/v2\/pages\/5\/revisions\/380"}],"wp:featuredmedia":[{"embeddable":true,"href":"http:\/\/karolus.info-brihaye.lu\/es\/wp-json\/wp\/v2\/media\/922"}],"wp:attachment":[{"href":"http:\/\/karolus.info-brihaye.lu\/es\/wp-json\/wp\/v2\/media?parent=5"}],"curies":[{"name":"wp","href":"https:\/\/api.w.org\/{rel}","templated":true}]}}