{"id":5,"date":"2022-11-03T16:56:12","date_gmt":"2022-11-03T16:56:12","guid":{"rendered":"http:\/\/karolus.info-brihaye.lu\/?page_id=5"},"modified":"2023-01-01T12:54:35","modified_gmt":"2023-01-01T12:54:35","slug":"acceuil","status":"publish","type":"page","link":"http:\/\/karolus.info-brihaye.lu\/en\/acceuil\/","title":{"rendered":"Home"},"content":{"rendered":"<p class=\"has-text-align-center\"><strong>Karolus is the French branch of G\u00e9niwal<\/strong><\/p>\n\n\n\n<p class=\"has-text-align-center\">Member of the French Federation of Genealogy<br>College D: Specific genealogical circles<br><\/p>\n\n\n\n<p><\/p>\n\n\n\n<p>The aim of this association is : to constitute, manage and make available to its members and to the public a documentation on family history and its sources of information, in France as well as in Europe and in the world, documentation as complete as possible on genealogical and historical studies, research on the history of families and places, the sciences of history, heraldry, sigillography, onomastics and all other activities likely to help in the development of genealogical research; all contributing to the participation of the safeguarding and protection of the heritage of the archives.<\/p>\n\n\n\n<p>This documentation shall be made available by all appropriate means, in particular by setting up a national and international documentation centre, and by the means of telematics and in particular the Internet.<\/p>\n\n\n\n<p>The association undertakes to respect freedom of conscience and refrains from any discrimination. It will comply in all respects with the General Data Protection Regulation in force.<\/p>","protected":false},"excerpt":{"rendered":"<p>Karolus est l&rsquo;antenne fran\u00e7aise de G\u00e9niwal Membre de la F\u00e9d\u00e9ration Fran\u00e7aise de g\u00e9n\u00e9alogieColl\u00e8ge D\u00a0: Cercles g\u00e9n\u00e9alogiques sp\u00e9cifiques Cette association a pour but : de constituer, g\u00e9rer et mettre \u00e0 la disposition de ses membres et du public une documentation sur l&rsquo;histoire des familles et ses sources d&rsquo;information, aussi bien en France qu&rsquo;en Europe et dans [&hellip;]<\/p>","protected":false},"author":1,"featured_media":922,"parent":0,"menu_order":0,"comment_status":"closed","ping_status":"closed","template":"","meta":{"_et_pb_use_builder":"","_et_pb_old_content":"","_et_gb_content_width":"","footnotes":""},"class_list":["post-5","page","type-page","status-publish","has-post-thumbnail","hentry"],"_links":{"self":[{"href":"http:\/\/karolus.info-brihaye.lu\/en\/wp-json\/wp\/v2\/pages\/5","targetHints":{"allow":["GET"]}}],"collection":[{"href":"http:\/\/karolus.info-brihaye.lu\/en\/wp-json\/wp\/v2\/pages"}],"about":[{"href":"http:\/\/karolus.info-brihaye.lu\/en\/wp-json\/wp\/v2\/types\/page"}],"author":[{"embeddable":true,"href":"http:\/\/karolus.info-brihaye.lu\/en\/wp-json\/wp\/v2\/users\/1"}],"replies":[{"embeddable":true,"href":"http:\/\/karolus.info-brihaye.lu\/en\/wp-json\/wp\/v2\/comments?post=5"}],"version-history":[{"count":23,"href":"http:\/\/karolus.info-brihaye.lu\/en\/wp-json\/wp\/v2\/pages\/5\/revisions"}],"predecessor-version":[{"id":380,"href":"http:\/\/karolus.info-brihaye.lu\/en\/wp-json\/wp\/v2\/pages\/5\/revisions\/380"}],"wp:featuredmedia":[{"embeddable":true,"href":"http:\/\/karolus.info-brihaye.lu\/en\/wp-json\/wp\/v2\/media\/922"}],"wp:attachment":[{"href":"http:\/\/karolus.info-brihaye.lu\/en\/wp-json\/wp\/v2\/media?parent=5"}],"curies":[{"name":"wp","href":"https:\/\/api.w.org\/{rel}","templated":true}]}}